{"id":3300,"date":"2023-06-19T09:26:32","date_gmt":"2023-06-19T07:26:32","guid":{"rendered":"https:\/\/prometheusrealestate.es\/?page_id=3300"},"modified":"2023-06-21T19:15:35","modified_gmt":"2023-06-21T17:15:35","slug":"onderhoud-en-schoonmaak-van-je-woning-en-zwembad","status":"publish","type":"page","link":"https:\/\/prometheusrealestate.es\/nl\/onderhoud-en-schoonmaak-van-je-woning-en-zwembad\/","title":{"rendered":"Onderhoud en schoonmaak van je woning en zwembad"},"content":{"rendered":"\n<p>Of je nu het hele jaar door in Spanje woont of gewoon regelmatig geniet van een heerlijke vakantie, het is belangrijk om je huis en zwembad goed te verzorgen. <\/p>\n\n\n\n<h2 class=\"wp-block-heading\">Woning onderhoud en schoonmaak<\/h2>\n\n\n\n<p>Het onderhouden en schoonmaken van je woning en zwembad in Spanje kan wat tijd en moeite kosten, maar het is de investering waard om te genieten van een comfortabele en schone leefomgeving. Door regelmatig schoon te maken en preventief onderhoud uit te voeren, kun je problemen voorkomen en optimaal genieten van je Spaanse avontuur!<\/p>\n\n\n\n<h3 class=\"wp-block-heading\">Regelmatige check van je huis<\/h3>\n\n\n\n<p>Wanneer je er niet bent, wil je natuurlijk ook weten dat alles nog in orde is in je woning. Ben je er zelf voor langere tijd niet, dan kun je daar een bedrijf voor inschakelen die dat voor je doet. Mocht er bijvoorbeeld een lekkage ontstaan, dan is het fijn als dit op tijd ontdekt wordt en de lekkage wordt gerepareerd.<\/p>\n\n\n\n<h3 class=\"wp-block-heading\">Schoonmaken van je woning<\/h3>\n\n\n\n<p>Zeker wanneer je de woning ook verhuurt, zal de woning na elke huurperiode schoongemaakt moeten worden. Wanneer jij niet in de buurt woont, wil je dit natuurlijk graag uitbesteden. <\/p>\n\n\n\n<p>Maar ook wanneer je de woning niet verhuurt, dan kan het ook fijn zijn als de woning vlak voor je komst nog een keer goed schoongemaakt wordt, zodat jouw vakantie direct kan beginnen. Er zijn verschillende bedrijven die dit voor je kunnen doen. Kom je naar J\u00e1vea, dan hebben wij een betrouwbare partner, waar ook Nederlands wordt gesproken. Wel zo handig!<\/p>\n\n\n\n<h3 class=\"wp-block-heading\">Onderhoud van je systemen zoals airco en de CV-installatie<\/h3>\n\n\n\n<p>Zelf kun je best veel dingen doen, maar soms is het beter om professionals in te schakelen voor bepaalde taken, zoals het onderhoud van je airconditioningssysteem en het bijhouden van de cv-installatie. Wanneer deze niet goed onderhouden worden en bijvoorbeeld gaan lekken, kan het een behoorlijke kostenpost worden. <\/p>\n\n\n\n<h2 class=\"wp-block-heading\">Onderhoud van je zwembad<\/h2>\n\n\n\n<ol>\n<li>Onderhoud van je zwembad:\n<ul>\n<li>Houd het waterpeil van je zwembad in de gaten en vul het indien nodig bij.<\/li>\n\n\n\n<li>Gebruik een schepnet om bladeren, takken en ander vuil uit het water te verwijderen.<\/li>\n\n\n\n<li>Controleer regelmatig de pH-waarde van het water en pas deze indien nodig aan. Een goed uitgebalanceerde pH zorgt voor schoon en veilig zwemwater.<\/li>\n\n\n\n<li>Gebruik chloor of andere zwembadchemicali\u00ebn om bacteri\u00ebn en algen te bestrijden. Volg altijd de instructies op de verpakking en houd deze chemicali\u00ebn buiten bereik van kinderen.<\/li>\n\n\n\n<li>Maak de wanden en de vloer van het zwembad regelmatig schoon met een zwembadborstel om aanslag te verwijderen.<\/li>\n<\/ul>\n<\/li>\n\n\n\n<li>Voorkom problemen:\n<ul>\n<li>Neem preventieve maatregelen om problemen te voorkomen. Controleer bijvoorbeeld regelmatig de leidingen en zorg ervoor dat er geen lekken zijn.<\/li>\n\n\n\n<li>Onderhoud de airconditioning en verwarmingssystemen op tijd, zodat ze effici\u00ebnt blijven werken.<\/li>\n\n\n\n<li>Reinig regelmatig de filters van je airconditioning en\/of ventilatiesysteem om een goede luchtkwaliteit te behouden.<\/li>\n\n\n\n<li>Controleer de dakgoten en zorg ervoor dat ze vrij zijn van bladeren en vuil om verstoppingen te voorkomen.<\/li>\n<\/ul>\n<\/li>\n<\/ol>\n\n\n\n<p>Het onderhouden en schoonmaken van je woning en zwembad in Spanje kan wat tijd en moeite kosten, maar ook dit kun je prima uitbesteden. Door regelmatig schoon te maken en preventief onderhoud uit te voeren, kun je problemen voorkomen en optimaal genieten van je Spaanse avontuur!<\/p>\n\n\n\n<p>Veel succes en veel plezier met het onderhouden van je woning en zwembad in Spanje!<\/p>\n\n\n\n<div class=\"nav-buttons m-t-30 m-t-60--md\">\n            <a href=\"https:\/\/prometheusrealestate.es\/nl\/een-woning-kopen-in-spanje\/\" class=\"bttn bttn--secondary nav-buttons__prev\">\n            <img decoding=\"async\" src=\"https:\/\/prometheusrealestate.es\/wp-content\/themes\/prometheus\/assets\/icons\/icon_white_arrow.svg\">\n            <span>Terug naar het overzicht<\/span>\n        <\/a>\n            <a href=\"https:\/\/prometheusrealestate.es\/nl\/hoe-kom-jij-van-het-vliegveld-naar-je-vakantiehuis\/\" class=\"bttn bttn--secondary nav-buttons__next\">\n            <span>Hoe kom jij van het vliegveld naar je vakantiehuis?<\/span>\n            <img decoding=\"async\" src=\"https:\/\/prometheusrealestate.es\/wp-content\/themes\/prometheus\/assets\/icons\/icon_white_arrow.svg\">\n        <\/a>\n    <\/div>\n","protected":false},"excerpt":{"rendered":"<p>Of je nu het hele jaar door in Spanje woont of gewoon regelmatig geniet van een heerlijke vakantie, het is&#8230;<\/p>\n","protected":false},"author":4,"featured_media":0,"parent":0,"menu_order":0,"comment_status":"closed","ping_status":"closed","template":"","meta":{"footnotes":""},"acf":[],"yoast_head":"<!-- This site is optimized with the Yoast SEO plugin v21.3 - https:\/\/yoast.com\/wordpress\/plugins\/seo\/ -->\n<title>Onderhoud en schoonmaak van je woning en zwembad | Prometheus Real Estate<\/title>\n<meta name=\"description\" content=\"Je nieuwe woning in Spanje heeft ook onderhoud en een regelmatige schoonmaakbeurt nodig, zeker als je deze verhuurt. Zelf doen of laten doen?\" \/>\n<meta name=\"robots\" content=\"index, follow, max-snippet:-1, max-image-preview:large, max-video-preview:-1\" \/>\n<link rel=\"canonical\" href=\"https:\/\/prometheusrealestate.es\/nl\/onderhoud-en-schoonmaak-van-je-woning-en-zwembad\/\" \/>\n<meta property=\"og:locale\" content=\"nl_NL\" \/>\n<meta property=\"og:type\" content=\"article\" \/>\n<meta property=\"og:title\" content=\"Onderhoud en schoonmaak van je woning en zwembad | Prometheus Real Estate\" \/>\n<meta property=\"og:description\" content=\"Je nieuwe woning in Spanje heeft ook onderhoud en een regelmatige schoonmaakbeurt nodig, zeker als je deze verhuurt. Zelf doen of laten doen?\" \/>\n<meta property=\"og:url\" content=\"https:\/\/prometheusrealestate.es\/nl\/onderhoud-en-schoonmaak-van-je-woning-en-zwembad\/\" \/>\n<meta property=\"og:site_name\" content=\"Prometheus Real Estate\" \/>\n<meta property=\"article:publisher\" content=\"https:\/\/www.facebook.com\/people\/Prometheus-Real-Estate\/\" \/>\n<meta property=\"article:modified_time\" content=\"2023-06-21T17:15:35+00:00\" \/>\n<meta name=\"twitter:card\" content=\"summary_large_image\" \/>\n<meta name=\"twitter:label1\" content=\"Geschatte leestijd\" \/>\n\t<meta name=\"twitter:data1\" content=\"3 minuten\" \/>\n<script type=\"application\/ld+json\" class=\"yoast-schema-graph\">{\"@context\":\"https:\/\/schema.org\",\"@graph\":[{\"@type\":\"WebPage\",\"@id\":\"https:\/\/prometheusrealestate.es\/nl\/onderhoud-en-schoonmaak-van-je-woning-en-zwembad\/\",\"url\":\"https:\/\/prometheusrealestate.es\/nl\/onderhoud-en-schoonmaak-van-je-woning-en-zwembad\/\",\"name\":\"Onderhoud en schoonmaak van je woning en zwembad | Prometheus Real Estate\",\"isPartOf\":{\"@id\":\"https:\/\/prometheusrealestate.es\/nl\/#website\"},\"datePublished\":\"2023-06-19T07:26:32+00:00\",\"dateModified\":\"2023-06-21T17:15:35+00:00\",\"description\":\"Je nieuwe woning in Spanje heeft ook onderhoud en een regelmatige schoonmaakbeurt nodig, zeker als je deze verhuurt. Zelf doen of laten doen?\",\"breadcrumb\":{\"@id\":\"https:\/\/prometheusrealestate.es\/nl\/onderhoud-en-schoonmaak-van-je-woning-en-zwembad\/#breadcrumb\"},\"inLanguage\":\"nl-NL\",\"potentialAction\":[{\"@type\":\"ReadAction\",\"target\":[\"https:\/\/prometheusrealestate.es\/nl\/onderhoud-en-schoonmaak-van-je-woning-en-zwembad\/\"]}]},{\"@type\":\"BreadcrumbList\",\"@id\":\"https:\/\/prometheusrealestate.es\/nl\/onderhoud-en-schoonmaak-van-je-woning-en-zwembad\/#breadcrumb\",\"itemListElement\":[{\"@type\":\"ListItem\",\"position\":1,\"name\":\"Home\",\"item\":\"https:\/\/prometheusrealestate.es\/nl\/\"},{\"@type\":\"ListItem\",\"position\":2,\"name\":\"Onderhoud en schoonmaak van je woning en zwembad\"}]},{\"@type\":\"WebSite\",\"@id\":\"https:\/\/prometheusrealestate.es\/nl\/#website\",\"url\":\"https:\/\/prometheusrealestate.es\/nl\/\",\"name\":\"Prometheus Real Estate\",\"description\":\"Droomhuizen in J&aacute;vea\",\"publisher\":{\"@id\":\"https:\/\/prometheusrealestate.es\/nl\/#organization\"},\"potentialAction\":[{\"@type\":\"SearchAction\",\"target\":{\"@type\":\"EntryPoint\",\"urlTemplate\":\"https:\/\/prometheusrealestate.es\/nl\/?s={search_term_string}\"},\"query-input\":\"required name=search_term_string\"}],\"inLanguage\":\"nl-NL\"},{\"@type\":\"Organization\",\"@id\":\"https:\/\/prometheusrealestate.es\/nl\/#organization\",\"name\":\"Prometheus Real Estate\",\"url\":\"https:\/\/prometheusrealestate.es\/nl\/\",\"logo\":{\"@type\":\"ImageObject\",\"inLanguage\":\"nl-NL\",\"@id\":\"https:\/\/prometheusrealestate.es\/nl\/#\/schema\/logo\/image\/\",\"url\":\"https:\/\/prometheusrealestate.es\/wp-content\/uploads\/2022\/12\/logo_full_primary.svg\",\"contentUrl\":\"https:\/\/prometheusrealestate.es\/wp-content\/uploads\/2022\/12\/logo_full_primary.svg\",\"width\":1,\"height\":1,\"caption\":\"Prometheus Real Estate\"},\"image\":{\"@id\":\"https:\/\/prometheusrealestate.es\/nl\/#\/schema\/logo\/image\/\"},\"sameAs\":[\"https:\/\/www.facebook.com\/people\/Prometheus-Real-Estate\/\",\"https:\/\/www.instagram.com\/prometheus_real_estate\/\",\"https:\/\/www.linkedin.com\/company\/prometheus-real-estate\/\"]}]}<\/script>\n<!-- \/ Yoast SEO plugin. -->","yoast_head_json":{"title":"Onderhoud en schoonmaak van je woning en zwembad | Prometheus Real Estate","description":"Je nieuwe woning in Spanje heeft ook onderhoud en een regelmatige schoonmaakbeurt nodig, zeker als je deze verhuurt. Zelf doen of laten doen?","robots":{"index":"index","follow":"follow","max-snippet":"max-snippet:-1","max-image-preview":"max-image-preview:large","max-video-preview":"max-video-preview:-1"},"canonical":"https:\/\/prometheusrealestate.es\/nl\/onderhoud-en-schoonmaak-van-je-woning-en-zwembad\/","og_locale":"nl_NL","og_type":"article","og_title":"Onderhoud en schoonmaak van je woning en zwembad | Prometheus Real Estate","og_description":"Je nieuwe woning in Spanje heeft ook onderhoud en een regelmatige schoonmaakbeurt nodig, zeker als je deze verhuurt. Zelf doen of laten doen?","og_url":"https:\/\/prometheusrealestate.es\/nl\/onderhoud-en-schoonmaak-van-je-woning-en-zwembad\/","og_site_name":"Prometheus Real Estate","article_publisher":"https:\/\/www.facebook.com\/people\/Prometheus-Real-Estate\/","article_modified_time":"2023-06-21T17:15:35+00:00","twitter_card":"summary_large_image","twitter_misc":{"Geschatte leestijd":"3 minuten"},"schema":{"@context":"https:\/\/schema.org","@graph":[{"@type":"WebPage","@id":"https:\/\/prometheusrealestate.es\/nl\/onderhoud-en-schoonmaak-van-je-woning-en-zwembad\/","url":"https:\/\/prometheusrealestate.es\/nl\/onderhoud-en-schoonmaak-van-je-woning-en-zwembad\/","name":"Onderhoud en schoonmaak van je woning en zwembad | Prometheus Real Estate","isPartOf":{"@id":"https:\/\/prometheusrealestate.es\/nl\/#website"},"datePublished":"2023-06-19T07:26:32+00:00","dateModified":"2023-06-21T17:15:35+00:00","description":"Je nieuwe woning in Spanje heeft ook onderhoud en een regelmatige schoonmaakbeurt nodig, zeker als je deze verhuurt. Zelf doen of laten doen?","breadcrumb":{"@id":"https:\/\/prometheusrealestate.es\/nl\/onderhoud-en-schoonmaak-van-je-woning-en-zwembad\/#breadcrumb"},"inLanguage":"nl-NL","potentialAction":[{"@type":"ReadAction","target":["https:\/\/prometheusrealestate.es\/nl\/onderhoud-en-schoonmaak-van-je-woning-en-zwembad\/"]}]},{"@type":"BreadcrumbList","@id":"https:\/\/prometheusrealestate.es\/nl\/onderhoud-en-schoonmaak-van-je-woning-en-zwembad\/#breadcrumb","itemListElement":[{"@type":"ListItem","position":1,"name":"Home","item":"https:\/\/prometheusrealestate.es\/nl\/"},{"@type":"ListItem","position":2,"name":"Onderhoud en schoonmaak van je woning en zwembad"}]},{"@type":"WebSite","@id":"https:\/\/prometheusrealestate.es\/nl\/#website","url":"https:\/\/prometheusrealestate.es\/nl\/","name":"Prometheus Real Estate","description":"Droomhuizen in J&aacute;vea","publisher":{"@id":"https:\/\/prometheusrealestate.es\/nl\/#organization"},"potentialAction":[{"@type":"SearchAction","target":{"@type":"EntryPoint","urlTemplate":"https:\/\/prometheusrealestate.es\/nl\/?s={search_term_string}"},"query-input":"required name=search_term_string"}],"inLanguage":"nl-NL"},{"@type":"Organization","@id":"https:\/\/prometheusrealestate.es\/nl\/#organization","name":"Prometheus Real Estate","url":"https:\/\/prometheusrealestate.es\/nl\/","logo":{"@type":"ImageObject","inLanguage":"nl-NL","@id":"https:\/\/prometheusrealestate.es\/nl\/#\/schema\/logo\/image\/","url":"https:\/\/prometheusrealestate.es\/wp-content\/uploads\/2022\/12\/logo_full_primary.svg","contentUrl":"https:\/\/prometheusrealestate.es\/wp-content\/uploads\/2022\/12\/logo_full_primary.svg","width":1,"height":1,"caption":"Prometheus Real Estate"},"image":{"@id":"https:\/\/prometheusrealestate.es\/nl\/#\/schema\/logo\/image\/"},"sameAs":["https:\/\/www.facebook.com\/people\/Prometheus-Real-Estate\/","https:\/\/www.instagram.com\/prometheus_real_estate\/","https:\/\/www.linkedin.com\/company\/prometheus-real-estate\/"]}]}},"_links":{"self":[{"href":"https:\/\/prometheusrealestate.es\/nl\/wp-json\/wp\/v2\/pages\/3300"}],"collection":[{"href":"https:\/\/prometheusrealestate.es\/nl\/wp-json\/wp\/v2\/pages"}],"about":[{"href":"https:\/\/prometheusrealestate.es\/nl\/wp-json\/wp\/v2\/types\/page"}],"author":[{"embeddable":true,"href":"https:\/\/prometheusrealestate.es\/nl\/wp-json\/wp\/v2\/users\/4"}],"replies":[{"embeddable":true,"href":"https:\/\/prometheusrealestate.es\/nl\/wp-json\/wp\/v2\/comments?post=3300"}],"version-history":[{"count":11,"href":"https:\/\/prometheusrealestate.es\/nl\/wp-json\/wp\/v2\/pages\/3300\/revisions"}],"predecessor-version":[{"id":3496,"href":"https:\/\/prometheusrealestate.es\/nl\/wp-json\/wp\/v2\/pages\/3300\/revisions\/3496"}],"wp:attachment":[{"href":"https:\/\/prometheusrealestate.es\/nl\/wp-json\/wp\/v2\/media?parent=3300"}],"curies":[{"name":"wp","href":"https:\/\/api.w.org\/{rel}","templated":true}]}}